{"id":104,"date":"2025-09-14T20:10:23","date_gmt":"2025-09-14T18:10:23","guid":{"rendered":"https:\/\/www.fidupress.be\/cleanfacts\/?page_id=104"},"modified":"2025-09-14T23:13:12","modified_gmt":"2025-09-14T21:13:12","slug":"tarifs","status":"publish","type":"page","link":"https:\/\/www.fidupress.be\/cleanfacts\/tarifs\/","title":{"rendered":"Tarifs"},"content":{"rendered":"\n<h1 class=\"wp-block-heading\">Une formule simple et transparente<\/h1>\n\n\n\n<div style=\"height:62px\" aria-hidden=\"true\" class=\"wp-block-spacer\"><\/div>\n\n\n\n<ul class=\"wp-block-list\">\n<li class=\"has-text-color has-link-color wp-elements-6de7b7fc11c0fc63e40c2ca527e56841\" style=\"color:#106991;font-size:26px\"><strong>P\u00e9riode Starter (3 mois)<\/strong>\u00a0: <br>1.400,00 \u20ac HTVA \/ mois<\/li>\n<\/ul>\n\n\n\n<p><\/p>\n\n\n\n<ul class=\"wp-block-list\">\n<li class=\"has-text-color has-link-color wp-elements-0f1fda09d915e2825af875ac94282061\" style=\"color:#106991;font-size:26px\"><strong>P\u00e9riode Mensuelle<\/strong>&nbsp;: <br>2.000,00 \u20ac HTVA \/ mois <\/li>\n<\/ul>\n\n\n\n<p>(volume de prestation \u2013 225 jours\/an)<\/p>\n\n\n\n<p><\/p>\n\n\n\n<div style=\"height:47px\" aria-hidden=\"true\" class=\"wp-block-spacer\"><\/div>\n\n\n\n<h2 class=\"wp-block-heading\"><strong>\ud83c\udf31 La p\u00e9riode Starter : un lancement en douceur<\/strong><\/h2>\n\n\n\n<div style=\"height:8px\" aria-hidden=\"true\" class=\"wp-block-spacer\"><\/div>\n\n\n\n<p>Chez CleanFacts, nous savons que chaque collaboration n\u00e9cessite un temps d\u2019adaptation. C\u2019est pourquoi nous avons pr\u00e9vu une&nbsp;<strong>p\u00e9riode Starter<\/strong>, factur\u00e9e \u00e0 tarif r\u00e9duit. Cette phase d\u2019\u201c\u00e9colage\u201d permet \u00e0 nos collaborateurs et \u00e0 votre bureau comptable de s\u2019accorder pleinement afin de mettre en place les bonnes pratiques et d\u2019assurer un fonctionnement optimal du service.<\/p>\n\n\n\n<p>Durant cette p\u00e9riode, nous travaillons main dans la main avec vos \u00e9quipes pour affiner les processus, documenter les consignes propres \u00e0 vos dossiers et garantir une int\u00e9gration fluide.<\/p>\n\n\n\n<p>L\u2019engagement se fait sur une base annuelle, correspondant \u00e0 la mise \u00e0 disposition d&rsquo;un volume de prestation <strong> (225 jours par an et 8h\/jours)<\/strong>. Vous b\u00e9n\u00e9ficiez ainsi d\u2019une continuit\u00e9 et d\u2019une stabilit\u00e9 tout au long de l\u2019ann\u00e9e. Apr\u00e8s la premi\u00e8re ann\u00e9e d\u2019engagement, le contrat peut \u00eatre r\u00e9sili\u00e9 \u00e0 tout moment moyennant un pr\u00e9avis d\u2019un mois.<\/p>\n\n\n\n<p>Enfin, CleanFacts s\u2019engage \u00e0 vous garantir une disponibilit\u00e9 op\u00e9rationnelle renforc\u00e9e lors des&nbsp;<strong>p\u00e9riodes de TVA trimestrielles<\/strong>, pour que vos \u00e9ch\u00e9ances soient toujours respect\u00e9es en toute s\u00e9r\u00e9nit\u00e9.<\/p>\n","protected":false},"excerpt":{"rendered":"<p>Une formule simple et transparente (volume de prestation \u2013 225 jours\/an) \ud83c\udf31 La p\u00e9riode Starter : un lancement en douceur Chez CleanFacts, nous savons que chaque collaboration n\u00e9cessite un temps d\u2019adaptation. C\u2019est pourquoi nous avons pr\u00e9vu une&nbsp;p\u00e9riode Starter, factur\u00e9e \u00e0 tarif r\u00e9duit. Cette phase d\u2019\u201c\u00e9colage\u201d permet \u00e0 nos collaborateurs et \u00e0 votre bureau comptable de [&hellip;]<\/p>\n","protected":false},"author":10,"featured_media":0,"parent":0,"menu_order":0,"comment_status":"closed","ping_status":"closed","template":"","meta":{"_acf_changed":false,"footnotes":""},"class_list":["post-104","page","type-page","status-publish","hentry"],"acf":[],"yoast_head":"<!-- This site is optimized with the Yoast SEO plugin v27.5 - https:\/\/yoast.com\/product\/yoast-seo-wordpress\/ -->\n<title>Tarifs - CleanFacts - Solution en flux tendu pour ClearFacts<\/title>\n<meta name=\"robots\" content=\"index, follow, max-snippet:-1, max-image-preview:large, max-video-preview:-1\" \/>\n<link rel=\"canonical\" href=\"https:\/\/www.fidupress.be\/cleanfacts\/tarifs\/\" \/>\n<meta property=\"og:locale\" content=\"fr_FR\" \/>\n<meta property=\"og:type\" content=\"article\" \/>\n<meta property=\"og:title\" content=\"Tarifs - CleanFacts - Solution en flux tendu pour ClearFacts\" \/>\n<meta property=\"og:description\" content=\"Une formule simple et transparente (volume de prestation \u2013 225 jours\/an) \ud83c\udf31 La p\u00e9riode Starter : un lancement en douceur Chez CleanFacts, nous savons que chaque collaboration n\u00e9cessite un temps d\u2019adaptation. C\u2019est pourquoi nous avons pr\u00e9vu une&nbsp;p\u00e9riode Starter, factur\u00e9e \u00e0 tarif r\u00e9duit. Cette phase d\u2019\u201c\u00e9colage\u201d permet \u00e0 nos collaborateurs et \u00e0 votre bureau comptable de [&hellip;]\" \/>\n<meta property=\"og:url\" content=\"https:\/\/www.fidupress.be\/cleanfacts\/tarifs\/\" \/>\n<meta property=\"og:site_name\" content=\"CleanFacts - Solution en flux tendu pour ClearFacts\" \/>\n<meta property=\"article:modified_time\" content=\"2025-09-14T21:13:12+00:00\" \/>\n<meta name=\"twitter:card\" content=\"summary_large_image\" \/>\n<meta name=\"twitter:label1\" content=\"Dur\u00e9e de lecture estim\u00e9e\" \/>\n\t<meta name=\"twitter:data1\" content=\"1 minute\" \/>\n<script type=\"application\/ld+json\" class=\"yoast-schema-graph\">{\"@context\":\"https:\\\/\\\/schema.org\",\"@graph\":[{\"@type\":\"WebPage\",\"@id\":\"https:\\\/\\\/www.fidupress.be\\\/cleanfacts\\\/tarifs\\\/\",\"url\":\"https:\\\/\\\/www.fidupress.be\\\/cleanfacts\\\/tarifs\\\/\",\"name\":\"Tarifs - CleanFacts - Solution en flux tendu pour ClearFacts\",\"isPartOf\":{\"@id\":\"https:\\\/\\\/www.fidupress.be\\\/cleanfacts\\\/#website\"},\"datePublished\":\"2025-09-14T18:10:23+00:00\",\"dateModified\":\"2025-09-14T21:13:12+00:00\",\"breadcrumb\":{\"@id\":\"https:\\\/\\\/www.fidupress.be\\\/cleanfacts\\\/tarifs\\\/#breadcrumb\"},\"inLanguage\":\"fr-FR\",\"potentialAction\":[{\"@type\":\"ReadAction\",\"target\":[\"https:\\\/\\\/www.fidupress.be\\\/cleanfacts\\\/tarifs\\\/\"]}]},{\"@type\":\"BreadcrumbList\",\"@id\":\"https:\\\/\\\/www.fidupress.be\\\/cleanfacts\\\/tarifs\\\/#breadcrumb\",\"itemListElement\":[{\"@type\":\"ListItem\",\"position\":1,\"name\":\"Accueil\",\"item\":\"https:\\\/\\\/www.fidupress.be\\\/cleanfacts\\\/\"},{\"@type\":\"ListItem\",\"position\":2,\"name\":\"Tarifs\"}]},{\"@type\":\"WebSite\",\"@id\":\"https:\\\/\\\/www.fidupress.be\\\/cleanfacts\\\/#website\",\"url\":\"https:\\\/\\\/www.fidupress.be\\\/cleanfacts\\\/\",\"name\":\"CleanFacts - Solution en flux tendu pour ClearFacts\",\"description\":\"\",\"potentialAction\":[{\"@type\":\"SearchAction\",\"target\":{\"@type\":\"EntryPoint\",\"urlTemplate\":\"https:\\\/\\\/www.fidupress.be\\\/cleanfacts\\\/?s={search_term_string}\"},\"query-input\":{\"@type\":\"PropertyValueSpecification\",\"valueRequired\":true,\"valueName\":\"search_term_string\"}}],\"inLanguage\":\"fr-FR\"}]}<\/script>\n<!-- \/ Yoast SEO plugin. -->","yoast_head_json":{"title":"Tarifs - CleanFacts - Solution en flux tendu pour ClearFacts","robots":{"index":"index","follow":"follow","max-snippet":"max-snippet:-1","max-image-preview":"max-image-preview:large","max-video-preview":"max-video-preview:-1"},"canonical":"https:\/\/www.fidupress.be\/cleanfacts\/tarifs\/","og_locale":"fr_FR","og_type":"article","og_title":"Tarifs - CleanFacts - Solution en flux tendu pour ClearFacts","og_description":"Une formule simple et transparente (volume de prestation \u2013 225 jours\/an) \ud83c\udf31 La p\u00e9riode Starter : un lancement en douceur Chez CleanFacts, nous savons que chaque collaboration n\u00e9cessite un temps d\u2019adaptation. C\u2019est pourquoi nous avons pr\u00e9vu une&nbsp;p\u00e9riode Starter, factur\u00e9e \u00e0 tarif r\u00e9duit. Cette phase d\u2019\u201c\u00e9colage\u201d permet \u00e0 nos collaborateurs et \u00e0 votre bureau comptable de [&hellip;]","og_url":"https:\/\/www.fidupress.be\/cleanfacts\/tarifs\/","og_site_name":"CleanFacts - Solution en flux tendu pour ClearFacts","article_modified_time":"2025-09-14T21:13:12+00:00","twitter_card":"summary_large_image","twitter_misc":{"Dur\u00e9e de lecture estim\u00e9e":"1 minute"},"schema":{"@context":"https:\/\/schema.org","@graph":[{"@type":"WebPage","@id":"https:\/\/www.fidupress.be\/cleanfacts\/tarifs\/","url":"https:\/\/www.fidupress.be\/cleanfacts\/tarifs\/","name":"Tarifs - CleanFacts - Solution en flux tendu pour ClearFacts","isPartOf":{"@id":"https:\/\/www.fidupress.be\/cleanfacts\/#website"},"datePublished":"2025-09-14T18:10:23+00:00","dateModified":"2025-09-14T21:13:12+00:00","breadcrumb":{"@id":"https:\/\/www.fidupress.be\/cleanfacts\/tarifs\/#breadcrumb"},"inLanguage":"fr-FR","potentialAction":[{"@type":"ReadAction","target":["https:\/\/www.fidupress.be\/cleanfacts\/tarifs\/"]}]},{"@type":"BreadcrumbList","@id":"https:\/\/www.fidupress.be\/cleanfacts\/tarifs\/#breadcrumb","itemListElement":[{"@type":"ListItem","position":1,"name":"Accueil","item":"https:\/\/www.fidupress.be\/cleanfacts\/"},{"@type":"ListItem","position":2,"name":"Tarifs"}]},{"@type":"WebSite","@id":"https:\/\/www.fidupress.be\/cleanfacts\/#website","url":"https:\/\/www.fidupress.be\/cleanfacts\/","name":"CleanFacts - Solution en flux tendu pour ClearFacts","description":"","potentialAction":[{"@type":"SearchAction","target":{"@type":"EntryPoint","urlTemplate":"https:\/\/www.fidupress.be\/cleanfacts\/?s={search_term_string}"},"query-input":{"@type":"PropertyValueSpecification","valueRequired":true,"valueName":"search_term_string"}}],"inLanguage":"fr-FR"}]}},"_links":{"self":[{"href":"https:\/\/www.fidupress.be\/cleanfacts\/wp-json\/wp\/v2\/pages\/104","targetHints":{"allow":["GET"]}}],"collection":[{"href":"https:\/\/www.fidupress.be\/cleanfacts\/wp-json\/wp\/v2\/pages"}],"about":[{"href":"https:\/\/www.fidupress.be\/cleanfacts\/wp-json\/wp\/v2\/types\/page"}],"author":[{"embeddable":true,"href":"https:\/\/www.fidupress.be\/cleanfacts\/wp-json\/wp\/v2\/users\/10"}],"replies":[{"embeddable":true,"href":"https:\/\/www.fidupress.be\/cleanfacts\/wp-json\/wp\/v2\/comments?post=104"}],"version-history":[{"count":15,"href":"https:\/\/www.fidupress.be\/cleanfacts\/wp-json\/wp\/v2\/pages\/104\/revisions"}],"predecessor-version":[{"id":129,"href":"https:\/\/www.fidupress.be\/cleanfacts\/wp-json\/wp\/v2\/pages\/104\/revisions\/129"}],"wp:attachment":[{"href":"https:\/\/www.fidupress.be\/cleanfacts\/wp-json\/wp\/v2\/media?parent=104"}],"curies":[{"name":"wp","href":"https:\/\/api.w.org\/{rel}","templated":true}]}}