{"id":16,"date":"2025-09-14T17:29:12","date_gmt":"2025-09-14T15:29:12","guid":{"rendered":"https:\/\/www.fidupress.be\/cleanfacts\/?page_id=16"},"modified":"2025-09-14T20:11:47","modified_gmt":"2025-09-14T18:11:47","slug":"accueil","status":"publish","type":"page","link":"https:\/\/www.fidupress.be\/cleanfacts\/","title":{"rendered":"Accueil"},"content":{"rendered":"\n<div style=\"height:18px\" aria-hidden=\"true\" class=\"wp-block-spacer\"><\/div>\n\n\n\n<h1 class=\"wp-block-heading has-text-align-center has-text-color has-link-color wp-elements-a081df5d2c1a5a266809e47a9878cd85\" style=\"color:#106991;font-size:30px\"><strong>CleanFacts<\/strong><br>La validation comptable simplifi\u00e9e<\/h1>\n\n\n\n<div style=\"height:18px\" aria-hidden=\"true\" class=\"wp-block-spacer\"><\/div>\n\n\n\n<figure class=\"wp-block-gallery has-nested-images columns-default is-cropped wp-block-gallery-1 is-layout-flex wp-block-gallery-is-layout-flex\">\n<figure class=\"wp-block-image size-large\"><img loading=\"lazy\" decoding=\"async\" width=\"1024\" height=\"375\" data-id=\"17\" src=\"https:\/\/www.fidupress.be\/cleanfacts\/wp-content\/uploads\/sites\/87\/2025\/09\/immage_accueil-1024x375.jpg\" alt=\"\" class=\"wp-image-17\" srcset=\"https:\/\/www.fidupress.be\/cleanfacts\/wp-content\/uploads\/sites\/87\/2025\/09\/immage_accueil-1024x375.jpg 1024w, https:\/\/www.fidupress.be\/cleanfacts\/wp-content\/uploads\/sites\/87\/2025\/09\/immage_accueil-300x110.jpg 300w, https:\/\/www.fidupress.be\/cleanfacts\/wp-content\/uploads\/sites\/87\/2025\/09\/immage_accueil-768x281.jpg 768w, https:\/\/www.fidupress.be\/cleanfacts\/wp-content\/uploads\/sites\/87\/2025\/09\/immage_accueil-1200x439.jpg 1200w, https:\/\/www.fidupress.be\/cleanfacts\/wp-content\/uploads\/sites\/87\/2025\/09\/immage_accueil.jpg 1500w\" sizes=\"auto, (max-width: 1024px) 100vw, 1024px\" \/><\/figure>\n<\/figure>\n\n\n\n<div class=\"wp-block-columns is-layout-flex wp-container-core-columns-is-layout-9d6595d7 wp-block-columns-is-layout-flex\">\n<div class=\"wp-block-column is-layout-flow wp-block-column-is-layout-flow\" style=\"flex-basis:20%\"><\/div>\n\n\n\n<div class=\"wp-block-column is-layout-flow wp-block-column-is-layout-flow\" style=\"flex-basis:60%\">\n<p class=\"has-vivid-cyan-blue-color has-text-color has-link-color has-large-font-size wp-elements-a5a6a5b9d29a45e8e956c1627f8d363c\">Optimisez la communication entre votre fiduciaire et vos clients gr\u00e2ce \u00e0 <strong>CleanFacts<\/strong>, le service qui valide vos documents comptables directement dans <strong>ClearFacts<\/strong>.<\/p>\n\n\n\n<p class=\"has-large-font-size\">CleanFacts est une solution professionnelle pens\u00e9e pour les bureaux comptables. Notre mission : transformer la gestion des pi\u00e8ces comptables en un flux continu, pr\u00e9cis et efficace. Gr\u00e2ce \u00e0 une \u00e9quipe de validateurs sp\u00e9cialis\u00e9s, vos documents sont trait\u00e9s rapidement, ce qui vous permet de lisser votre charge de travail et d\u2019\u00e9viter les pics li\u00e9s aux d\u00e9clarations TVA.<\/p>\n\n\n\n<div style=\"height:27px\" aria-hidden=\"true\" class=\"wp-block-spacer\"><\/div>\n\n\n\n<div class=\"wp-block-buttons is-content-justification-center is-layout-flex wp-container-core-buttons-is-layout-16018d1d wp-block-buttons-is-layout-flex\">\n<div class=\"wp-block-button\"><a class=\"wp-block-button__link wp-element-button\" href=\"https:\/\/www.fidupress.be\/cleanfacts\/fonctionnement\/\">En savoir plus<\/a><\/div>\n<\/div>\n\n\n\n<div style=\"height:34px\" aria-hidden=\"true\" class=\"wp-block-spacer\"><\/div>\n<\/div>\n\n\n\n<div class=\"wp-block-column is-layout-flow wp-block-column-is-layout-flow\" style=\"flex-basis:20%\"><\/div>\n<\/div>\n","protected":false},"excerpt":{"rendered":"<p>CleanFactsLa validation comptable simplifi\u00e9e Optimisez la communication entre votre fiduciaire et vos clients gr\u00e2ce \u00e0 CleanFacts, le service qui valide vos documents comptables directement dans ClearFacts. CleanFacts est une solution professionnelle pens\u00e9e pour les bureaux comptables. Notre mission : transformer la gestion des pi\u00e8ces comptables en un flux continu, pr\u00e9cis et efficace. Gr\u00e2ce \u00e0 une [&hellip;]<\/p>\n","protected":false},"author":10,"featured_media":0,"parent":0,"menu_order":0,"comment_status":"closed","ping_status":"closed","template":"template-parts\/template-notitle.php","meta":{"_acf_changed":false,"footnotes":""},"class_list":["post-16","page","type-page","status-publish","hentry"],"acf":[],"yoast_head":"<!-- This site is optimized with the Yoast SEO plugin v27.5 - https:\/\/yoast.com\/product\/yoast-seo-wordpress\/ -->\n<title>Accueil - CleanFacts - Solution en flux tendu pour ClearFacts<\/title>\n<meta name=\"robots\" content=\"index, follow, max-snippet:-1, max-image-preview:large, max-video-preview:-1\" \/>\n<link rel=\"canonical\" href=\"https:\/\/www.fidupress.be\/cleanfacts\/\" \/>\n<meta property=\"og:locale\" content=\"fr_FR\" \/>\n<meta property=\"og:type\" content=\"article\" \/>\n<meta property=\"og:title\" content=\"Accueil - CleanFacts - Solution en flux tendu pour ClearFacts\" \/>\n<meta property=\"og:description\" content=\"CleanFactsLa validation comptable simplifi\u00e9e Optimisez la communication entre votre fiduciaire et vos clients gr\u00e2ce \u00e0 CleanFacts, le service qui valide vos documents comptables directement dans ClearFacts. CleanFacts est une solution professionnelle pens\u00e9e pour les bureaux comptables. Notre mission : transformer la gestion des pi\u00e8ces comptables en un flux continu, pr\u00e9cis et efficace. Gr\u00e2ce \u00e0 une [&hellip;]\" \/>\n<meta property=\"og:url\" content=\"https:\/\/www.fidupress.be\/cleanfacts\/\" \/>\n<meta property=\"og:site_name\" content=\"CleanFacts - Solution en flux tendu pour ClearFacts\" \/>\n<meta property=\"article:modified_time\" content=\"2025-09-14T18:11:47+00:00\" \/>\n<meta property=\"og:image\" content=\"https:\/\/www.fidupress.be\/cleanfacts\/wp-content\/uploads\/sites\/87\/2025\/09\/immage_accueil.jpg\" \/>\n\t<meta property=\"og:image:width\" content=\"1500\" \/>\n\t<meta property=\"og:image:height\" content=\"549\" \/>\n\t<meta property=\"og:image:type\" content=\"image\/jpeg\" \/>\n<meta name=\"twitter:card\" content=\"summary_large_image\" \/>\n<meta name=\"twitter:label1\" content=\"Dur\u00e9e de lecture estim\u00e9e\" \/>\n\t<meta name=\"twitter:data1\" content=\"1 minute\" \/>\n<script type=\"application\/ld+json\" class=\"yoast-schema-graph\">{\"@context\":\"https:\\\/\\\/schema.org\",\"@graph\":[{\"@type\":\"WebPage\",\"@id\":\"https:\\\/\\\/www.fidupress.be\\\/cleanfacts\\\/\",\"url\":\"https:\\\/\\\/www.fidupress.be\\\/cleanfacts\\\/\",\"name\":\"Accueil - CleanFacts - Solution en flux tendu pour ClearFacts\",\"isPartOf\":{\"@id\":\"https:\\\/\\\/www.fidupress.be\\\/cleanfacts\\\/#website\"},\"primaryImageOfPage\":{\"@id\":\"https:\\\/\\\/www.fidupress.be\\\/cleanfacts\\\/#primaryimage\"},\"image\":{\"@id\":\"https:\\\/\\\/www.fidupress.be\\\/cleanfacts\\\/#primaryimage\"},\"thumbnailUrl\":\"https:\\\/\\\/www.fidupress.be\\\/cleanfacts\\\/wp-content\\\/uploads\\\/sites\\\/87\\\/2025\\\/09\\\/immage_accueil-1024x375.jpg\",\"datePublished\":\"2025-09-14T15:29:12+00:00\",\"dateModified\":\"2025-09-14T18:11:47+00:00\",\"breadcrumb\":{\"@id\":\"https:\\\/\\\/www.fidupress.be\\\/cleanfacts\\\/#breadcrumb\"},\"inLanguage\":\"fr-FR\",\"potentialAction\":[{\"@type\":\"ReadAction\",\"target\":[\"https:\\\/\\\/www.fidupress.be\\\/cleanfacts\\\/\"]}]},{\"@type\":\"ImageObject\",\"inLanguage\":\"fr-FR\",\"@id\":\"https:\\\/\\\/www.fidupress.be\\\/cleanfacts\\\/#primaryimage\",\"url\":\"https:\\\/\\\/www.fidupress.be\\\/cleanfacts\\\/wp-content\\\/uploads\\\/sites\\\/87\\\/2025\\\/09\\\/immage_accueil.jpg\",\"contentUrl\":\"https:\\\/\\\/www.fidupress.be\\\/cleanfacts\\\/wp-content\\\/uploads\\\/sites\\\/87\\\/2025\\\/09\\\/immage_accueil.jpg\",\"width\":1500,\"height\":549},{\"@type\":\"BreadcrumbList\",\"@id\":\"https:\\\/\\\/www.fidupress.be\\\/cleanfacts\\\/#breadcrumb\",\"itemListElement\":[{\"@type\":\"ListItem\",\"position\":1,\"name\":\"Accueil\",\"item\":\"https:\\\/\\\/www.fidupress.be\\\/cleanfacts\\\/\"},{\"@type\":\"ListItem\",\"position\":2,\"name\":\"Accueil\"}]},{\"@type\":\"WebSite\",\"@id\":\"https:\\\/\\\/www.fidupress.be\\\/cleanfacts\\\/#website\",\"url\":\"https:\\\/\\\/www.fidupress.be\\\/cleanfacts\\\/\",\"name\":\"CleanFacts - Solution en flux tendu pour ClearFacts\",\"description\":\"\",\"potentialAction\":[{\"@type\":\"SearchAction\",\"target\":{\"@type\":\"EntryPoint\",\"urlTemplate\":\"https:\\\/\\\/www.fidupress.be\\\/cleanfacts\\\/?s={search_term_string}\"},\"query-input\":{\"@type\":\"PropertyValueSpecification\",\"valueRequired\":true,\"valueName\":\"search_term_string\"}}],\"inLanguage\":\"fr-FR\"}]}<\/script>\n<!-- \/ Yoast SEO plugin. -->","yoast_head_json":{"title":"Accueil - CleanFacts - Solution en flux tendu pour ClearFacts","robots":{"index":"index","follow":"follow","max-snippet":"max-snippet:-1","max-image-preview":"max-image-preview:large","max-video-preview":"max-video-preview:-1"},"canonical":"https:\/\/www.fidupress.be\/cleanfacts\/","og_locale":"fr_FR","og_type":"article","og_title":"Accueil - CleanFacts - Solution en flux tendu pour ClearFacts","og_description":"CleanFactsLa validation comptable simplifi\u00e9e Optimisez la communication entre votre fiduciaire et vos clients gr\u00e2ce \u00e0 CleanFacts, le service qui valide vos documents comptables directement dans ClearFacts. CleanFacts est une solution professionnelle pens\u00e9e pour les bureaux comptables. Notre mission : transformer la gestion des pi\u00e8ces comptables en un flux continu, pr\u00e9cis et efficace. Gr\u00e2ce \u00e0 une [&hellip;]","og_url":"https:\/\/www.fidupress.be\/cleanfacts\/","og_site_name":"CleanFacts - Solution en flux tendu pour ClearFacts","article_modified_time":"2025-09-14T18:11:47+00:00","og_image":[{"width":1500,"height":549,"url":"https:\/\/www.fidupress.be\/cleanfacts\/wp-content\/uploads\/sites\/87\/2025\/09\/immage_accueil.jpg","type":"image\/jpeg"}],"twitter_card":"summary_large_image","twitter_misc":{"Dur\u00e9e de lecture estim\u00e9e":"1 minute"},"schema":{"@context":"https:\/\/schema.org","@graph":[{"@type":"WebPage","@id":"https:\/\/www.fidupress.be\/cleanfacts\/","url":"https:\/\/www.fidupress.be\/cleanfacts\/","name":"Accueil - CleanFacts - Solution en flux tendu pour ClearFacts","isPartOf":{"@id":"https:\/\/www.fidupress.be\/cleanfacts\/#website"},"primaryImageOfPage":{"@id":"https:\/\/www.fidupress.be\/cleanfacts\/#primaryimage"},"image":{"@id":"https:\/\/www.fidupress.be\/cleanfacts\/#primaryimage"},"thumbnailUrl":"https:\/\/www.fidupress.be\/cleanfacts\/wp-content\/uploads\/sites\/87\/2025\/09\/immage_accueil-1024x375.jpg","datePublished":"2025-09-14T15:29:12+00:00","dateModified":"2025-09-14T18:11:47+00:00","breadcrumb":{"@id":"https:\/\/www.fidupress.be\/cleanfacts\/#breadcrumb"},"inLanguage":"fr-FR","potentialAction":[{"@type":"ReadAction","target":["https:\/\/www.fidupress.be\/cleanfacts\/"]}]},{"@type":"ImageObject","inLanguage":"fr-FR","@id":"https:\/\/www.fidupress.be\/cleanfacts\/#primaryimage","url":"https:\/\/www.fidupress.be\/cleanfacts\/wp-content\/uploads\/sites\/87\/2025\/09\/immage_accueil.jpg","contentUrl":"https:\/\/www.fidupress.be\/cleanfacts\/wp-content\/uploads\/sites\/87\/2025\/09\/immage_accueil.jpg","width":1500,"height":549},{"@type":"BreadcrumbList","@id":"https:\/\/www.fidupress.be\/cleanfacts\/#breadcrumb","itemListElement":[{"@type":"ListItem","position":1,"name":"Accueil","item":"https:\/\/www.fidupress.be\/cleanfacts\/"},{"@type":"ListItem","position":2,"name":"Accueil"}]},{"@type":"WebSite","@id":"https:\/\/www.fidupress.be\/cleanfacts\/#website","url":"https:\/\/www.fidupress.be\/cleanfacts\/","name":"CleanFacts - Solution en flux tendu pour ClearFacts","description":"","potentialAction":[{"@type":"SearchAction","target":{"@type":"EntryPoint","urlTemplate":"https:\/\/www.fidupress.be\/cleanfacts\/?s={search_term_string}"},"query-input":{"@type":"PropertyValueSpecification","valueRequired":true,"valueName":"search_term_string"}}],"inLanguage":"fr-FR"}]}},"_links":{"self":[{"href":"https:\/\/www.fidupress.be\/cleanfacts\/wp-json\/wp\/v2\/pages\/16","targetHints":{"allow":["GET"]}}],"collection":[{"href":"https:\/\/www.fidupress.be\/cleanfacts\/wp-json\/wp\/v2\/pages"}],"about":[{"href":"https:\/\/www.fidupress.be\/cleanfacts\/wp-json\/wp\/v2\/types\/page"}],"author":[{"embeddable":true,"href":"https:\/\/www.fidupress.be\/cleanfacts\/wp-json\/wp\/v2\/users\/10"}],"replies":[{"embeddable":true,"href":"https:\/\/www.fidupress.be\/cleanfacts\/wp-json\/wp\/v2\/comments?post=16"}],"version-history":[{"count":29,"href":"https:\/\/www.fidupress.be\/cleanfacts\/wp-json\/wp\/v2\/pages\/16\/revisions"}],"predecessor-version":[{"id":107,"href":"https:\/\/www.fidupress.be\/cleanfacts\/wp-json\/wp\/v2\/pages\/16\/revisions\/107"}],"wp:attachment":[{"href":"https:\/\/www.fidupress.be\/cleanfacts\/wp-json\/wp\/v2\/media?parent=16"}],"curies":[{"name":"wp","href":"https:\/\/api.w.org\/{rel}","templated":true}]}}