{"id":51,"date":"2025-09-14T18:08:32","date_gmt":"2025-09-14T16:08:32","guid":{"rendered":"https:\/\/www.fidupress.be\/cleanfacts\/?page_id=51"},"modified":"2025-09-14T19:19:44","modified_gmt":"2025-09-14T17:19:44","slug":"fonctionnalites","status":"publish","type":"page","link":"https:\/\/www.fidupress.be\/cleanfacts\/fonctionnalites\/","title":{"rendered":"Fonctionnalit\u00e9s"},"content":{"rendered":"\n<div style=\"height:20px\" aria-hidden=\"true\" class=\"wp-block-spacer\"><\/div>\n\n\n\n<h2 class=\"wp-block-heading has-text-align-center has-text-color has-link-color has-x-large-font-size wp-elements-ccda1ce2419c97c847d311c349ea09fa\" style=\"color:#106991\"><strong>Ce que CleanFacts fait pour vous<\/strong><\/h2>\n\n\n\n<div style=\"height:65px\" aria-hidden=\"true\" class=\"wp-block-spacer\"><\/div>\n\n\n\n<div class=\"wp-block-columns is-layout-flex wp-container-core-columns-is-layout-9d6595d7 wp-block-columns-is-layout-flex\">\n<div class=\"wp-block-column is-layout-flow wp-block-column-is-layout-flow\">\n<center><span style=\"font-size: 6em; color: #179AD6; align: right\"><i class=\"fa-duotone fa-solid fa-shield-check\"><\/i><\/span><\/center>\n\n\n\n<div style=\"height:10px\" aria-hidden=\"true\" class=\"wp-block-spacer\"><\/div>\n\n\n\n<h1 class=\"wp-block-heading has-text-align-center\"><strong>Validation professionnelle<\/strong><\/h1>\n\n\n\n<div style=\"height:12px\" aria-hidden=\"true\" class=\"wp-block-spacer\"><\/div>\n\n\n\n<h2 class=\"wp-block-heading\"><strong>Des comptables qualifi\u00e9s v\u00e9rifient et valident vos documents dans ClearFacts.<\/strong><\/h2>\n\n\n\n<div style=\"height:12px\" aria-hidden=\"true\" class=\"wp-block-spacer\"><\/div>\n\n\n\n<p>Avec <strong>CleanFacts<\/strong>, vos documents comptables sont v\u00e9rifi\u00e9s et valid\u00e9s par des professionnels de la comptabilit\u00e9 form\u00e9s aux exigences de votre m\u00e9tier. Chaque pi\u00e8ce est contr\u00f4l\u00e9e, class\u00e9e et pr\u00e9par\u00e9e dans <strong>ClearFacts<\/strong> afin de garantir l\u2019exactitude des donn\u00e9es. <\/p>\n\n\n\n<p>Pour la fiduciaire, c\u2019est l\u2019assurance d\u2019obtenir une information fiable et pr\u00eate \u00e0 \u00eatre int\u00e9gr\u00e9e en comptabilit\u00e9. <\/p>\n\n\n\n<p>Pour le client, c\u2019est la garantie que ses factures, tickets et documents sont correctement pris en charge, sans erreurs ni omissions, ce qui renforce sa confiance dans le bureau comptable et dans le service qui lui est rendu.<\/p>\n<\/div>\n\n\n\n<div class=\"wp-block-column is-layout-flow wp-block-column-is-layout-flow\">\n<center><span style=\"font-size: 6em; color: #179AD6; align: right\"><i class=\"fa-duotone fa-solid fa-recycle\"><\/i><\/span><\/center>\n\n\n\n<div style=\"height:10px\" aria-hidden=\"true\" class=\"wp-block-spacer\"><\/div>\n\n\n\n<h1 class=\"wp-block-heading has-text-align-center\"><strong>Flux tendu<\/strong><\/h1>\n\n\n\n<div style=\"height:12px\" aria-hidden=\"true\" class=\"wp-block-spacer\"><\/div>\n\n\n\n<h2 class=\"wp-block-heading\"><strong>Travail en continu, pour une comptabilit\u00e9 toujours \u00e0 jour.<\/strong><\/h2>\n\n\n\n<div style=\"height:12px\" aria-hidden=\"true\" class=\"wp-block-spacer\"><\/div>\n\n\n\n<p>Gr\u00e2ce \u00e0 une organisation en flux continu, vos documents sont valid\u00e9s r\u00e9guli\u00e8rement, et non plus seulement \u00e0 l\u2019approche des \u00e9ch\u00e9ances fiscales. <\/p>\n\n\n\n<p>Ce fonctionnement en \u201cflux tendu\u201d permet de maintenir une comptabilit\u00e9 toujours \u00e0 jour et cr\u00e9e un <strong>v\u00e9ritable cercle vertueux<\/strong> : le client de la fiduciaire b\u00e9n\u00e9ficie d\u2019une vision en temps r\u00e9el de sa situation financi\u00e8re et est naturellement encourag\u00e9 \u00e0 transmettre ses documents imm\u00e9diatement. <\/p>\n\n\n\n<p>Il peut ainsi envisager une gestion de tr\u00e9sorerie permanente et instantan\u00e9e. <\/p>\n\n\n\n<p>Pour le comptable, c\u2019est l\u2019assurance de recevoir les pi\u00e8ces sans d\u00e9lai, de supprimer les p\u00e9riodes de stress li\u00e9es aux pics d\u2019activit\u00e9, et de lisser efficacement sa charge de travail tout au long de l\u2019ann\u00e9e.<\/p>\n<\/div>\n\n\n\n<div class=\"wp-block-column is-layout-flow wp-block-column-is-layout-flow\">\n<center><span style=\"font-size: 6em; color: #179AD6; align: right\"><i class=\"fa-duotone fa-solid fa-user-check\"><\/i><\/i><\/span><\/center>\n\n\n\n<div style=\"height:10px\" aria-hidden=\"true\" class=\"wp-block-spacer\"><\/div>\n\n\n\n<h1 class=\"wp-block-heading has-text-align-center\"><strong>Suivi et contr\u00f4le<\/strong><\/h1>\n\n\n\n<div style=\"height:12px\" aria-hidden=\"true\" class=\"wp-block-spacer\"><\/div>\n\n\n\n<h2 class=\"wp-block-heading\"><strong>Un gestionnaire de projet coordonne les op\u00e9rations et veille \u00e0 la qualit\u00e9.<\/strong><\/h2>\n\n\n\n<div style=\"height:12px\" aria-hidden=\"true\" class=\"wp-block-spacer\"><\/div>\n\n\n\n<p>Chaque mission <strong>CleanFacts<\/strong> est pilot\u00e9e par un gestionnaire de projet d\u00e9di\u00e9 qui supervise l\u2019ensemble des validations et s\u2019assure de la qualit\u00e9 du travail fourni. <\/p>\n\n\n\n<p>Ce suivi constant garantit \u00e0 la fiduciaire une homog\u00e9n\u00e9it\u00e9 dans le traitement, m\u00eame si plusieurs collaborateurs interviennent sur un dossier. Pour le client, c\u2019est la tranquillit\u00e9 d\u2019esprit : il sait que son dossier est suivi avec m\u00e9thode, que ses consignes sont respect\u00e9es, et que ses documents ne se perdront pas dans la masse. <\/p>\n\n\n\n<p>La supervision devient un gage de fiabilit\u00e9 et de s\u00e9rieux qui renforce la relation de confiance avec le bureau comptable.<\/p>\n<\/div>\n<\/div>\n\n\n\n<div class=\"wp-block-columns is-layout-flex wp-container-core-columns-is-layout-9d6595d7 wp-block-columns-is-layout-flex\">\n<div class=\"wp-block-column is-layout-flow wp-block-column-is-layout-flow\">\n<center><span style=\"font-size: 6em; color: #179AD6; align: right\"><i class=\"fa-duotone fa-solid fa-ballot-check\"><\/i><\/span><\/center>\n\n\n\n<div style=\"height:10px\" aria-hidden=\"true\" class=\"wp-block-spacer\"><\/div>\n\n\n\n<h1 class=\"wp-block-heading has-text-align-center\"><strong>Adaptabilit\u00e9<\/strong><\/h1>\n\n\n\n<div style=\"height:12px\" aria-hidden=\"true\" class=\"wp-block-spacer\"><\/div>\n\n\n\n<h2 class=\"wp-block-heading\"><strong>Prise en charge des demandes sp\u00e9cifiques via un syst\u00e8me de tickets.<\/strong><\/h2>\n\n\n\n<div style=\"height:12px\" aria-hidden=\"true\" class=\"wp-block-spacer\"><\/div>\n\n\n\n<p><strong>CleanFacts<\/strong> s\u2019adapte aux sp\u00e9cificit\u00e9s de chaque fiduciaire gr\u00e2ce \u00e0 un syst\u00e8me de tickets permettant de documenter les besoins particuliers de chaque dossier. Une facture n\u00e9cessitant une codification sp\u00e9ciale ? <\/p>\n\n\n\n<p>Un traitement diff\u00e9rent pour certains clients ? Tout est pris en compte et int\u00e9gr\u00e9 dans la proc\u00e9dure. <\/p>\n\n\n\n<p>Pour le bureau comptable, cela signifie un service taill\u00e9 sur mesure qui colle \u00e0 son organisation. Pour le client final, c\u2019est l\u2019assurance que ses particularit\u00e9s sont respect\u00e9es et que sa comptabilit\u00e9 refl\u00e8te fid\u00e8lement sa r\u00e9alit\u00e9 op\u00e9rationnelle.<\/p>\n<\/div>\n\n\n\n<div class=\"wp-block-column is-layout-flow wp-block-column-is-layout-flow\">\n<center><span style=\"font-size: 6em; color: #179AD6; align: right\"><i class=\"fa-sharp-duotone fa-solid fa-forward\"><\/i><\/span><\/center>\n\n\n\n<div style=\"height:10px\" aria-hidden=\"true\" class=\"wp-block-spacer\"><\/div>\n\n\n\n<h1 class=\"wp-block-heading has-text-align-center\"><strong>Continuit\u00e9<\/strong><\/h1>\n\n\n\n<div style=\"height:12px\" aria-hidden=\"true\" class=\"wp-block-spacer\"><\/div>\n\n\n\n<h2 class=\"wp-block-heading\"><strong>Remplacement imm\u00e9diat en cas d\u2019absence d\u2019un op\u00e9rateur, sans interruption du service.<\/strong><\/h2>\n\n\n\n<div style=\"height:12px\" aria-hidden=\"true\" class=\"wp-block-spacer\"><\/div>\n\n\n\n<p>Avec <strong>CleanFacts<\/strong>, plus besoin de redouter les absences ou les impr\u00e9vus. Si un collaborateur n\u2019est pas disponible, un autre prend imm\u00e9diatement le relais, sans interruption dans le flux de travail. <\/p>\n\n\n\n<p>Pour la fiduciaire, c\u2019est la certitude que les validations continuent sans ralentissement, m\u00eame en p\u00e9riode de vacances ou de maladie. <\/p>\n\n\n\n<p>Pour le client, cela se traduit par une comptabilit\u00e9 qui avance sans \u00e0-coups, avec des documents toujours trait\u00e9s dans les d\u00e9lais. <\/p>\n\n\n\n<p>La continuit\u00e9 devient un atout majeur pour instaurer une relation durable et sans failles.<\/p>\n<\/div>\n\n\n\n<div class=\"wp-block-column is-layout-flow wp-block-column-is-layout-flow\">\n<center><span style=\"font-size: 6em; color: #179AD6; align: right\"><i class=\"fa-solid fa-hands-holding\"><\/i><\/span><\/center>\n\n\n\n<div style=\"height:10px\" aria-hidden=\"true\" class=\"wp-block-spacer\"><\/div>\n\n\n\n<h1 class=\"wp-block-heading has-text-align-center\"><strong>Confidentialit\u00e9 &amp; RGPD<\/strong><\/h1>\n\n\n\n<div style=\"height:12px\" aria-hidden=\"true\" class=\"wp-block-spacer\"><\/div>\n\n\n\n<h2 class=\"wp-block-heading\"><strong>vos donn\u00e9es sont prot\u00e9g\u00e9es, trait\u00e9es dans le respect des normes europ\u00e9ennes.<\/strong><\/h2>\n\n\n\n<div style=\"height:12px\" aria-hidden=\"true\" class=\"wp-block-spacer\"><\/div>\n\n\n\n<p>La s\u00e9curit\u00e9 des donn\u00e9es est au c\u0153ur de la solution <strong>CleanFacts<\/strong>. Toutes les validations sont r\u00e9alis\u00e9es dans le strict respect du RGPD, avec des mesures renforc\u00e9es : contr\u00f4le d\u2019acc\u00e8s, sauvegardes r\u00e9guli\u00e8res, protocoles s\u00e9curis\u00e9s. <\/p>\n\n\n\n<p>Pour la fiduciaire, c\u2019est la garantie d\u2019\u00eatre conforme \u00e0 ses obligations l\u00e9gales tout en d\u00e9l\u00e9guant la validation \u00e0 un partenaire fiable. <\/p>\n\n\n\n<p>Pour le client final, c\u2019est la certitude que ses donn\u00e9es sensibles \u2013 factures, extraits bancaires, pi\u00e8ces justificatives \u2013 sont trait\u00e9es avec la plus grande discr\u00e9tion et prot\u00e9g\u00e9es contre toute utilisation abusive.<\/p>\n<\/div>\n<\/div>\n","protected":false},"excerpt":{"rendered":"<p>Ce que CleanFacts fait pour vous Validation professionnelle Des comptables qualifi\u00e9s v\u00e9rifient et valident vos documents dans ClearFacts. Avec CleanFacts, vos documents comptables sont v\u00e9rifi\u00e9s et valid\u00e9s par des professionnels de la comptabilit\u00e9 form\u00e9s aux exigences de votre m\u00e9tier. Chaque pi\u00e8ce est contr\u00f4l\u00e9e, class\u00e9e et pr\u00e9par\u00e9e dans ClearFacts afin de garantir l\u2019exactitude des donn\u00e9es. Pour [&hellip;]<\/p>\n","protected":false},"author":10,"featured_media":0,"parent":0,"menu_order":0,"comment_status":"closed","ping_status":"closed","template":"","meta":{"_acf_changed":false,"footnotes":""},"class_list":["post-51","page","type-page","status-publish","hentry"],"acf":[],"yoast_head":"<!-- This site is optimized with the Yoast SEO plugin v27.5 - https:\/\/yoast.com\/product\/yoast-seo-wordpress\/ -->\n<title>Fonctionnalit\u00e9s - CleanFacts - Solution en flux tendu pour ClearFacts<\/title>\n<meta name=\"robots\" content=\"index, follow, max-snippet:-1, max-image-preview:large, max-video-preview:-1\" \/>\n<link rel=\"canonical\" href=\"https:\/\/www.fidupress.be\/cleanfacts\/fonctionnalites\/\" \/>\n<meta property=\"og:locale\" content=\"fr_FR\" \/>\n<meta property=\"og:type\" content=\"article\" \/>\n<meta property=\"og:title\" content=\"Fonctionnalit\u00e9s - CleanFacts - Solution en flux tendu pour ClearFacts\" \/>\n<meta property=\"og:description\" content=\"Ce que CleanFacts fait pour vous Validation professionnelle Des comptables qualifi\u00e9s v\u00e9rifient et valident vos documents dans ClearFacts. Avec CleanFacts, vos documents comptables sont v\u00e9rifi\u00e9s et valid\u00e9s par des professionnels de la comptabilit\u00e9 form\u00e9s aux exigences de votre m\u00e9tier. Chaque pi\u00e8ce est contr\u00f4l\u00e9e, class\u00e9e et pr\u00e9par\u00e9e dans ClearFacts afin de garantir l\u2019exactitude des donn\u00e9es. Pour [&hellip;]\" \/>\n<meta property=\"og:url\" content=\"https:\/\/www.fidupress.be\/cleanfacts\/fonctionnalites\/\" \/>\n<meta property=\"og:site_name\" content=\"CleanFacts - Solution en flux tendu pour ClearFacts\" \/>\n<meta property=\"article:modified_time\" content=\"2025-09-14T17:19:44+00:00\" \/>\n<meta name=\"twitter:card\" content=\"summary_large_image\" \/>\n<meta name=\"twitter:label1\" content=\"Dur\u00e9e de lecture estim\u00e9e\" \/>\n\t<meta name=\"twitter:data1\" content=\"4 minutes\" \/>\n<script type=\"application\/ld+json\" class=\"yoast-schema-graph\">{\"@context\":\"https:\\\/\\\/schema.org\",\"@graph\":[{\"@type\":\"WebPage\",\"@id\":\"https:\\\/\\\/www.fidupress.be\\\/cleanfacts\\\/fonctionnalites\\\/\",\"url\":\"https:\\\/\\\/www.fidupress.be\\\/cleanfacts\\\/fonctionnalites\\\/\",\"name\":\"Fonctionnalit\u00e9s - CleanFacts - Solution en flux tendu pour ClearFacts\",\"isPartOf\":{\"@id\":\"https:\\\/\\\/www.fidupress.be\\\/cleanfacts\\\/#website\"},\"datePublished\":\"2025-09-14T16:08:32+00:00\",\"dateModified\":\"2025-09-14T17:19:44+00:00\",\"breadcrumb\":{\"@id\":\"https:\\\/\\\/www.fidupress.be\\\/cleanfacts\\\/fonctionnalites\\\/#breadcrumb\"},\"inLanguage\":\"fr-FR\",\"potentialAction\":[{\"@type\":\"ReadAction\",\"target\":[\"https:\\\/\\\/www.fidupress.be\\\/cleanfacts\\\/fonctionnalites\\\/\"]}]},{\"@type\":\"BreadcrumbList\",\"@id\":\"https:\\\/\\\/www.fidupress.be\\\/cleanfacts\\\/fonctionnalites\\\/#breadcrumb\",\"itemListElement\":[{\"@type\":\"ListItem\",\"position\":1,\"name\":\"Accueil\",\"item\":\"https:\\\/\\\/www.fidupress.be\\\/cleanfacts\\\/\"},{\"@type\":\"ListItem\",\"position\":2,\"name\":\"Fonctionnalit\u00e9s\"}]},{\"@type\":\"WebSite\",\"@id\":\"https:\\\/\\\/www.fidupress.be\\\/cleanfacts\\\/#website\",\"url\":\"https:\\\/\\\/www.fidupress.be\\\/cleanfacts\\\/\",\"name\":\"CleanFacts - Solution en flux tendu pour ClearFacts\",\"description\":\"\",\"potentialAction\":[{\"@type\":\"SearchAction\",\"target\":{\"@type\":\"EntryPoint\",\"urlTemplate\":\"https:\\\/\\\/www.fidupress.be\\\/cleanfacts\\\/?s={search_term_string}\"},\"query-input\":{\"@type\":\"PropertyValueSpecification\",\"valueRequired\":true,\"valueName\":\"search_term_string\"}}],\"inLanguage\":\"fr-FR\"}]}<\/script>\n<!-- \/ Yoast SEO plugin. -->","yoast_head_json":{"title":"Fonctionnalit\u00e9s - CleanFacts - Solution en flux tendu pour ClearFacts","robots":{"index":"index","follow":"follow","max-snippet":"max-snippet:-1","max-image-preview":"max-image-preview:large","max-video-preview":"max-video-preview:-1"},"canonical":"https:\/\/www.fidupress.be\/cleanfacts\/fonctionnalites\/","og_locale":"fr_FR","og_type":"article","og_title":"Fonctionnalit\u00e9s - CleanFacts - Solution en flux tendu pour ClearFacts","og_description":"Ce que CleanFacts fait pour vous Validation professionnelle Des comptables qualifi\u00e9s v\u00e9rifient et valident vos documents dans ClearFacts. Avec CleanFacts, vos documents comptables sont v\u00e9rifi\u00e9s et valid\u00e9s par des professionnels de la comptabilit\u00e9 form\u00e9s aux exigences de votre m\u00e9tier. Chaque pi\u00e8ce est contr\u00f4l\u00e9e, class\u00e9e et pr\u00e9par\u00e9e dans ClearFacts afin de garantir l\u2019exactitude des donn\u00e9es. Pour [&hellip;]","og_url":"https:\/\/www.fidupress.be\/cleanfacts\/fonctionnalites\/","og_site_name":"CleanFacts - Solution en flux tendu pour ClearFacts","article_modified_time":"2025-09-14T17:19:44+00:00","twitter_card":"summary_large_image","twitter_misc":{"Dur\u00e9e de lecture estim\u00e9e":"4 minutes"},"schema":{"@context":"https:\/\/schema.org","@graph":[{"@type":"WebPage","@id":"https:\/\/www.fidupress.be\/cleanfacts\/fonctionnalites\/","url":"https:\/\/www.fidupress.be\/cleanfacts\/fonctionnalites\/","name":"Fonctionnalit\u00e9s - CleanFacts - Solution en flux tendu pour ClearFacts","isPartOf":{"@id":"https:\/\/www.fidupress.be\/cleanfacts\/#website"},"datePublished":"2025-09-14T16:08:32+00:00","dateModified":"2025-09-14T17:19:44+00:00","breadcrumb":{"@id":"https:\/\/www.fidupress.be\/cleanfacts\/fonctionnalites\/#breadcrumb"},"inLanguage":"fr-FR","potentialAction":[{"@type":"ReadAction","target":["https:\/\/www.fidupress.be\/cleanfacts\/fonctionnalites\/"]}]},{"@type":"BreadcrumbList","@id":"https:\/\/www.fidupress.be\/cleanfacts\/fonctionnalites\/#breadcrumb","itemListElement":[{"@type":"ListItem","position":1,"name":"Accueil","item":"https:\/\/www.fidupress.be\/cleanfacts\/"},{"@type":"ListItem","position":2,"name":"Fonctionnalit\u00e9s"}]},{"@type":"WebSite","@id":"https:\/\/www.fidupress.be\/cleanfacts\/#website","url":"https:\/\/www.fidupress.be\/cleanfacts\/","name":"CleanFacts - Solution en flux tendu pour ClearFacts","description":"","potentialAction":[{"@type":"SearchAction","target":{"@type":"EntryPoint","urlTemplate":"https:\/\/www.fidupress.be\/cleanfacts\/?s={search_term_string}"},"query-input":{"@type":"PropertyValueSpecification","valueRequired":true,"valueName":"search_term_string"}}],"inLanguage":"fr-FR"}]}},"_links":{"self":[{"href":"https:\/\/www.fidupress.be\/cleanfacts\/wp-json\/wp\/v2\/pages\/51","targetHints":{"allow":["GET"]}}],"collection":[{"href":"https:\/\/www.fidupress.be\/cleanfacts\/wp-json\/wp\/v2\/pages"}],"about":[{"href":"https:\/\/www.fidupress.be\/cleanfacts\/wp-json\/wp\/v2\/types\/page"}],"author":[{"embeddable":true,"href":"https:\/\/www.fidupress.be\/cleanfacts\/wp-json\/wp\/v2\/users\/10"}],"replies":[{"embeddable":true,"href":"https:\/\/www.fidupress.be\/cleanfacts\/wp-json\/wp\/v2\/comments?post=51"}],"version-history":[{"count":32,"href":"https:\/\/www.fidupress.be\/cleanfacts\/wp-json\/wp\/v2\/pages\/51\/revisions"}],"predecessor-version":[{"id":93,"href":"https:\/\/www.fidupress.be\/cleanfacts\/wp-json\/wp\/v2\/pages\/51\/revisions\/93"}],"wp:attachment":[{"href":"https:\/\/www.fidupress.be\/cleanfacts\/wp-json\/wp\/v2\/media?parent=51"}],"curies":[{"name":"wp","href":"https:\/\/api.w.org\/{rel}","templated":true}]}}