{"id":96,"date":"2025-09-14T19:53:02","date_gmt":"2025-09-14T17:53:02","guid":{"rendered":"https:\/\/www.fidupress.be\/cleanfacts\/?page_id=96"},"modified":"2025-09-14T23:11:35","modified_gmt":"2025-09-14T21:11:35","slug":"fonctionnement","status":"publish","type":"page","link":"https:\/\/www.fidupress.be\/cleanfacts\/fonctionnement\/","title":{"rendered":"Fonctionnement"},"content":{"rendered":"<div class=\"wp-block-image\">\n<figure class=\"aligncenter size-large\"><img loading=\"lazy\" decoding=\"async\" width=\"1024\" height=\"314\" src=\"https:\/\/www.fidupress.be\/cleanfacts\/wp-content\/uploads\/sites\/87\/2025\/09\/Comment-1024x314.png\" alt=\"\" class=\"wp-image-97\" srcset=\"https:\/\/www.fidupress.be\/cleanfacts\/wp-content\/uploads\/sites\/87\/2025\/09\/Comment-1024x314.png 1024w, https:\/\/www.fidupress.be\/cleanfacts\/wp-content\/uploads\/sites\/87\/2025\/09\/Comment-300x92.png 300w, https:\/\/www.fidupress.be\/cleanfacts\/wp-content\/uploads\/sites\/87\/2025\/09\/Comment-768x236.png 768w, https:\/\/www.fidupress.be\/cleanfacts\/wp-content\/uploads\/sites\/87\/2025\/09\/Comment-1200x368.png 1200w, https:\/\/www.fidupress.be\/cleanfacts\/wp-content\/uploads\/sites\/87\/2025\/09\/Comment.png 1536w\" sizes=\"auto, (max-width: 1024px) 100vw, 1024px\" \/><\/figure>\n<\/div>\n\n\n<div style=\"height:41px\" aria-hidden=\"true\" class=\"wp-block-spacer\"><\/div>\n\n\n\n<h1 class=\"wp-block-heading\"><strong>Le fonctionnement de CleanFacts, \u00e9tape par \u00e9tape<\/strong><\/h1>\n\n\n\n<div class=\"wp-block-columns is-layout-flex wp-container-core-columns-is-layout-9d6595d7 wp-block-columns-is-layout-flex\">\n<div class=\"wp-block-column is-layout-flow wp-block-column-is-layout-flow\">\n<p>Tout repose sur&nbsp;<strong>ClearFacts<\/strong>, la plateforme centrale qui assure une s\u00e9curit\u00e9 totale et r\u00e9duit les co\u00fbts de fonctionnement. CleanFacts s\u2019y int\u00e8gre naturellement et un accompagnement personnalis\u00e9 est pr\u00e9vu afin de garantir que le service fonctionne de mani\u00e8re optimale entre nos op\u00e9rateurs et votre bureau comptable.<\/p>\n\n\n\n<p><strong>1. Transmission des documents<\/strong><\/p>\n\n\n\n<p>Vos clients continuent d\u2019envoyer leurs pi\u00e8ces comptables comme ils en ont l\u2019habitude, sans changer leurs pratiques.<\/p>\n\n\n\n<p><strong>2. Validation par CleanFacts<\/strong><\/p>\n\n\n\n<p>Nos op\u00e9rateurs comptables prennent le relais : ils contr\u00f4lent chaque document, le classent et le valident directement dans ClearFacts.<\/p>\n\n\n\n<p><strong>3. Supervision<\/strong><\/p>\n\n\n\n<p>Un gestionnaire de projet d\u00e9di\u00e9 coordonne les prestations, suit leur ex\u00e9cution et assure un reporting clair et r\u00e9gulier. Cela garantit que vos instructions sont respect\u00e9es et que la qualit\u00e9 reste constante.<\/p>\n\n\n\n<p><strong>4. Comptabilit\u00e9 pr\u00eate<\/strong><\/p>\n\n\n\n<p>Les donn\u00e9es valid\u00e9es sont mises \u00e0 disposition, pr\u00eates \u00e0 \u00eatre int\u00e9gr\u00e9es dans vos dossiers. Vous disposez ainsi d\u2019une comptabilit\u00e9 \u00e0 jour, fluide et sans surcharge en p\u00e9riode de cl\u00f4ture.<\/p>\n<\/div>\n\n\n\n<div class=\"wp-block-column is-layout-flow wp-block-column-is-layout-flow\">\n<figure class=\"wp-block-image size-full\"><img loading=\"lazy\" decoding=\"async\" width=\"800\" height=\"533\" src=\"https:\/\/www.fidupress.be\/cleanfacts\/wp-content\/uploads\/sites\/87\/2025\/09\/Equipe.jpg\" alt=\"\" class=\"wp-image-126\" srcset=\"https:\/\/www.fidupress.be\/cleanfacts\/wp-content\/uploads\/sites\/87\/2025\/09\/Equipe.jpg 800w, https:\/\/www.fidupress.be\/cleanfacts\/wp-content\/uploads\/sites\/87\/2025\/09\/Equipe-300x200.jpg 300w, https:\/\/www.fidupress.be\/cleanfacts\/wp-content\/uploads\/sites\/87\/2025\/09\/Equipe-768x512.jpg 768w\" sizes=\"auto, (max-width: 800px) 100vw, 800px\" \/><\/figure>\n<\/div>\n<\/div>\n","protected":false},"excerpt":{"rendered":"<p>Le fonctionnement de CleanFacts, \u00e9tape par \u00e9tape Tout repose sur&nbsp;ClearFacts, la plateforme centrale qui assure une s\u00e9curit\u00e9 totale et r\u00e9duit les co\u00fbts de fonctionnement. CleanFacts s\u2019y int\u00e8gre naturellement et un accompagnement personnalis\u00e9 est pr\u00e9vu afin de garantir que le service fonctionne de mani\u00e8re optimale entre nos op\u00e9rateurs et votre bureau comptable. 1. Transmission des documents [&hellip;]<\/p>\n","protected":false},"author":10,"featured_media":0,"parent":0,"menu_order":0,"comment_status":"closed","ping_status":"closed","template":"","meta":{"_acf_changed":false,"footnotes":""},"class_list":["post-96","page","type-page","status-publish","hentry"],"acf":[],"yoast_head":"<!-- This site is optimized with the Yoast SEO plugin v27.5 - https:\/\/yoast.com\/product\/yoast-seo-wordpress\/ -->\n<title>Fonctionnement - CleanFacts - Solution en flux tendu pour ClearFacts<\/title>\n<meta name=\"robots\" content=\"index, follow, max-snippet:-1, max-image-preview:large, max-video-preview:-1\" \/>\n<link rel=\"canonical\" href=\"https:\/\/www.fidupress.be\/cleanfacts\/fonctionnement\/\" \/>\n<meta property=\"og:locale\" content=\"fr_FR\" \/>\n<meta property=\"og:type\" content=\"article\" \/>\n<meta property=\"og:title\" content=\"Fonctionnement - CleanFacts - Solution en flux tendu pour ClearFacts\" \/>\n<meta property=\"og:description\" content=\"Le fonctionnement de CleanFacts, \u00e9tape par \u00e9tape Tout repose sur&nbsp;ClearFacts, la plateforme centrale qui assure une s\u00e9curit\u00e9 totale et r\u00e9duit les co\u00fbts de fonctionnement. CleanFacts s\u2019y int\u00e8gre naturellement et un accompagnement personnalis\u00e9 est pr\u00e9vu afin de garantir que le service fonctionne de mani\u00e8re optimale entre nos op\u00e9rateurs et votre bureau comptable. 1. Transmission des documents [&hellip;]\" \/>\n<meta property=\"og:url\" content=\"https:\/\/www.fidupress.be\/cleanfacts\/fonctionnement\/\" \/>\n<meta property=\"og:site_name\" content=\"CleanFacts - Solution en flux tendu pour ClearFacts\" \/>\n<meta property=\"article:modified_time\" content=\"2025-09-14T21:11:35+00:00\" \/>\n<meta property=\"og:image\" content=\"https:\/\/www.fidupress.be\/cleanfacts\/wp-content\/uploads\/sites\/87\/2025\/09\/Comment.png\" \/>\n\t<meta property=\"og:image:width\" content=\"1536\" \/>\n\t<meta property=\"og:image:height\" content=\"471\" \/>\n\t<meta property=\"og:image:type\" content=\"image\/png\" \/>\n<meta name=\"twitter:card\" content=\"summary_large_image\" \/>\n<meta name=\"twitter:label1\" content=\"Dur\u00e9e de lecture estim\u00e9e\" \/>\n\t<meta name=\"twitter:data1\" content=\"2 minutes\" \/>\n<script type=\"application\/ld+json\" class=\"yoast-schema-graph\">{\"@context\":\"https:\\\/\\\/schema.org\",\"@graph\":[{\"@type\":\"WebPage\",\"@id\":\"https:\\\/\\\/www.fidupress.be\\\/cleanfacts\\\/fonctionnement\\\/\",\"url\":\"https:\\\/\\\/www.fidupress.be\\\/cleanfacts\\\/fonctionnement\\\/\",\"name\":\"Fonctionnement - CleanFacts - Solution en flux tendu pour ClearFacts\",\"isPartOf\":{\"@id\":\"https:\\\/\\\/www.fidupress.be\\\/cleanfacts\\\/#website\"},\"primaryImageOfPage\":{\"@id\":\"https:\\\/\\\/www.fidupress.be\\\/cleanfacts\\\/fonctionnement\\\/#primaryimage\"},\"image\":{\"@id\":\"https:\\\/\\\/www.fidupress.be\\\/cleanfacts\\\/fonctionnement\\\/#primaryimage\"},\"thumbnailUrl\":\"https:\\\/\\\/www.fidupress.be\\\/cleanfacts\\\/wp-content\\\/uploads\\\/sites\\\/87\\\/2025\\\/09\\\/Comment-1024x314.png\",\"datePublished\":\"2025-09-14T17:53:02+00:00\",\"dateModified\":\"2025-09-14T21:11:35+00:00\",\"breadcrumb\":{\"@id\":\"https:\\\/\\\/www.fidupress.be\\\/cleanfacts\\\/fonctionnement\\\/#breadcrumb\"},\"inLanguage\":\"fr-FR\",\"potentialAction\":[{\"@type\":\"ReadAction\",\"target\":[\"https:\\\/\\\/www.fidupress.be\\\/cleanfacts\\\/fonctionnement\\\/\"]}]},{\"@type\":\"ImageObject\",\"inLanguage\":\"fr-FR\",\"@id\":\"https:\\\/\\\/www.fidupress.be\\\/cleanfacts\\\/fonctionnement\\\/#primaryimage\",\"url\":\"https:\\\/\\\/www.fidupress.be\\\/cleanfacts\\\/wp-content\\\/uploads\\\/sites\\\/87\\\/2025\\\/09\\\/Comment.png\",\"contentUrl\":\"https:\\\/\\\/www.fidupress.be\\\/cleanfacts\\\/wp-content\\\/uploads\\\/sites\\\/87\\\/2025\\\/09\\\/Comment.png\",\"width\":1536,\"height\":471},{\"@type\":\"BreadcrumbList\",\"@id\":\"https:\\\/\\\/www.fidupress.be\\\/cleanfacts\\\/fonctionnement\\\/#breadcrumb\",\"itemListElement\":[{\"@type\":\"ListItem\",\"position\":1,\"name\":\"Accueil\",\"item\":\"https:\\\/\\\/www.fidupress.be\\\/cleanfacts\\\/\"},{\"@type\":\"ListItem\",\"position\":2,\"name\":\"Fonctionnement\"}]},{\"@type\":\"WebSite\",\"@id\":\"https:\\\/\\\/www.fidupress.be\\\/cleanfacts\\\/#website\",\"url\":\"https:\\\/\\\/www.fidupress.be\\\/cleanfacts\\\/\",\"name\":\"CleanFacts - Solution en flux tendu pour ClearFacts\",\"description\":\"\",\"potentialAction\":[{\"@type\":\"SearchAction\",\"target\":{\"@type\":\"EntryPoint\",\"urlTemplate\":\"https:\\\/\\\/www.fidupress.be\\\/cleanfacts\\\/?s={search_term_string}\"},\"query-input\":{\"@type\":\"PropertyValueSpecification\",\"valueRequired\":true,\"valueName\":\"search_term_string\"}}],\"inLanguage\":\"fr-FR\"}]}<\/script>\n<!-- \/ Yoast SEO plugin. -->","yoast_head_json":{"title":"Fonctionnement - CleanFacts - Solution en flux tendu pour ClearFacts","robots":{"index":"index","follow":"follow","max-snippet":"max-snippet:-1","max-image-preview":"max-image-preview:large","max-video-preview":"max-video-preview:-1"},"canonical":"https:\/\/www.fidupress.be\/cleanfacts\/fonctionnement\/","og_locale":"fr_FR","og_type":"article","og_title":"Fonctionnement - CleanFacts - Solution en flux tendu pour ClearFacts","og_description":"Le fonctionnement de CleanFacts, \u00e9tape par \u00e9tape Tout repose sur&nbsp;ClearFacts, la plateforme centrale qui assure une s\u00e9curit\u00e9 totale et r\u00e9duit les co\u00fbts de fonctionnement. CleanFacts s\u2019y int\u00e8gre naturellement et un accompagnement personnalis\u00e9 est pr\u00e9vu afin de garantir que le service fonctionne de mani\u00e8re optimale entre nos op\u00e9rateurs et votre bureau comptable. 1. Transmission des documents [&hellip;]","og_url":"https:\/\/www.fidupress.be\/cleanfacts\/fonctionnement\/","og_site_name":"CleanFacts - Solution en flux tendu pour ClearFacts","article_modified_time":"2025-09-14T21:11:35+00:00","og_image":[{"width":1536,"height":471,"url":"https:\/\/www.fidupress.be\/cleanfacts\/wp-content\/uploads\/sites\/87\/2025\/09\/Comment.png","type":"image\/png"}],"twitter_card":"summary_large_image","twitter_misc":{"Dur\u00e9e de lecture estim\u00e9e":"2 minutes"},"schema":{"@context":"https:\/\/schema.org","@graph":[{"@type":"WebPage","@id":"https:\/\/www.fidupress.be\/cleanfacts\/fonctionnement\/","url":"https:\/\/www.fidupress.be\/cleanfacts\/fonctionnement\/","name":"Fonctionnement - CleanFacts - Solution en flux tendu pour ClearFacts","isPartOf":{"@id":"https:\/\/www.fidupress.be\/cleanfacts\/#website"},"primaryImageOfPage":{"@id":"https:\/\/www.fidupress.be\/cleanfacts\/fonctionnement\/#primaryimage"},"image":{"@id":"https:\/\/www.fidupress.be\/cleanfacts\/fonctionnement\/#primaryimage"},"thumbnailUrl":"https:\/\/www.fidupress.be\/cleanfacts\/wp-content\/uploads\/sites\/87\/2025\/09\/Comment-1024x314.png","datePublished":"2025-09-14T17:53:02+00:00","dateModified":"2025-09-14T21:11:35+00:00","breadcrumb":{"@id":"https:\/\/www.fidupress.be\/cleanfacts\/fonctionnement\/#breadcrumb"},"inLanguage":"fr-FR","potentialAction":[{"@type":"ReadAction","target":["https:\/\/www.fidupress.be\/cleanfacts\/fonctionnement\/"]}]},{"@type":"ImageObject","inLanguage":"fr-FR","@id":"https:\/\/www.fidupress.be\/cleanfacts\/fonctionnement\/#primaryimage","url":"https:\/\/www.fidupress.be\/cleanfacts\/wp-content\/uploads\/sites\/87\/2025\/09\/Comment.png","contentUrl":"https:\/\/www.fidupress.be\/cleanfacts\/wp-content\/uploads\/sites\/87\/2025\/09\/Comment.png","width":1536,"height":471},{"@type":"BreadcrumbList","@id":"https:\/\/www.fidupress.be\/cleanfacts\/fonctionnement\/#breadcrumb","itemListElement":[{"@type":"ListItem","position":1,"name":"Accueil","item":"https:\/\/www.fidupress.be\/cleanfacts\/"},{"@type":"ListItem","position":2,"name":"Fonctionnement"}]},{"@type":"WebSite","@id":"https:\/\/www.fidupress.be\/cleanfacts\/#website","url":"https:\/\/www.fidupress.be\/cleanfacts\/","name":"CleanFacts - Solution en flux tendu pour ClearFacts","description":"","potentialAction":[{"@type":"SearchAction","target":{"@type":"EntryPoint","urlTemplate":"https:\/\/www.fidupress.be\/cleanfacts\/?s={search_term_string}"},"query-input":{"@type":"PropertyValueSpecification","valueRequired":true,"valueName":"search_term_string"}}],"inLanguage":"fr-FR"}]}},"_links":{"self":[{"href":"https:\/\/www.fidupress.be\/cleanfacts\/wp-json\/wp\/v2\/pages\/96","targetHints":{"allow":["GET"]}}],"collection":[{"href":"https:\/\/www.fidupress.be\/cleanfacts\/wp-json\/wp\/v2\/pages"}],"about":[{"href":"https:\/\/www.fidupress.be\/cleanfacts\/wp-json\/wp\/v2\/types\/page"}],"author":[{"embeddable":true,"href":"https:\/\/www.fidupress.be\/cleanfacts\/wp-json\/wp\/v2\/users\/10"}],"replies":[{"embeddable":true,"href":"https:\/\/www.fidupress.be\/cleanfacts\/wp-json\/wp\/v2\/comments?post=96"}],"version-history":[{"count":5,"href":"https:\/\/www.fidupress.be\/cleanfacts\/wp-json\/wp\/v2\/pages\/96\/revisions"}],"predecessor-version":[{"id":127,"href":"https:\/\/www.fidupress.be\/cleanfacts\/wp-json\/wp\/v2\/pages\/96\/revisions\/127"}],"wp:attachment":[{"href":"https:\/\/www.fidupress.be\/cleanfacts\/wp-json\/wp\/v2\/media?parent=96"}],"curies":[{"name":"wp","href":"https:\/\/api.w.org\/{rel}","templated":true}]}}