{"id":31,"date":"2024-10-09T14:25:26","date_gmt":"2024-10-09T12:25:26","guid":{"rendered":"https:\/\/www.fidupress.be\/salary-teams\/?page_id=31"},"modified":"2024-10-09T14:25:30","modified_gmt":"2024-10-09T12:25:30","slug":"independants","status":"publish","type":"page","link":"https:\/\/www.fidupress.be\/salary-teams\/independants\/","title":{"rendered":"Ind\u00e9pendants"},"content":{"rendered":"\n<p>En tant qu\u2019ind\u00e9pendant, vous \u00eates au c\u0153ur de votre activit\u00e9, mais la gestion administrative et sociale peut vite devenir complexe et chronophage. C\u2019est pourquoi notre secr\u00e9tariat social est l\u00e0 pour vous accompagner \u00e0 chaque \u00e9tape, afin de vous permettre de vous concentrer pleinement sur votre m\u00e9tier.<\/p>\n\n\n\n<p>Nous offrons un service personnalis\u00e9 et adapt\u00e9 aux besoins sp\u00e9cifiques des ind\u00e9pendants en Belgique. De l\u2019inscription aupr\u00e8s des diff\u00e9rentes instances sociales \u00e0 la gestion des cotisations, en passant par l\u2019accompagnement dans les d\u00e9marches administratives et les formalit\u00e9s obligatoires, notre \u00e9quipe de sp\u00e9cialistes est \u00e0 votre disposition pour vous guider avec expertise et professionnalisme.<\/p>\n\n\n\n<p>Notre objectif est de simplifier votre quotidien, en prenant en charge l\u2019ensemble de vos obligations sociales. Nous veillons \u00e0 la conformit\u00e9 de vos d\u00e9marches et vous offrons un suivi rigoureux, pour que vous puissiez avancer en toute s\u00e9r\u00e9nit\u00e9.<\/p>\n\n\n\n<p>En choisissant notre secr\u00e9tariat social, vous optez pour un partenaire de confiance, \u00e0 vos c\u00f4t\u00e9s pour vous aider \u00e0 naviguer dans la complexit\u00e9 du cadre l\u00e9gal et \u00e0 faire prosp\u00e9rer votre activit\u00e9 en Belgique. Votre tranquillit\u00e9 d\u2019esprit, notre mission.<\/p>\n","protected":false},"excerpt":{"rendered":"<p>En tant qu\u2019ind\u00e9pendant, vous \u00eates au c\u0153ur de votre activit\u00e9, mais la gestion administrative et sociale peut vite devenir complexe et chronophage. C\u2019est pourquoi notre secr\u00e9tariat social est l\u00e0 pour vous accompagner \u00e0 chaque \u00e9tape, afin de vous permettre de vous concentrer pleinement sur votre m\u00e9tier. Nous offrons un service personnalis\u00e9 et adapt\u00e9 aux besoins [&hellip;]<\/p>\n","protected":false},"author":10,"featured_media":0,"parent":0,"menu_order":0,"comment_status":"closed","ping_status":"closed","template":"","meta":{"_acf_changed":false,"footnotes":""},"class_list":["post-31","page","type-page","status-publish","hentry"],"acf":[],"yoast_head":"<!-- This site is optimized with the Yoast SEO plugin v27.3 - https:\/\/yoast.com\/product\/yoast-seo-wordpress\/ -->\n<title>Ind\u00e9pendants - Salary Teams<\/title>\n<meta name=\"robots\" content=\"index, follow, max-snippet:-1, max-image-preview:large, max-video-preview:-1\" \/>\n<link rel=\"canonical\" href=\"https:\/\/www.fidupress.be\/salary-teams\/independants\/\" \/>\n<meta property=\"og:locale\" content=\"fr_FR\" \/>\n<meta property=\"og:type\" content=\"article\" \/>\n<meta property=\"og:title\" content=\"Ind\u00e9pendants - Salary Teams\" \/>\n<meta property=\"og:description\" content=\"En tant qu\u2019ind\u00e9pendant, vous \u00eates au c\u0153ur de votre activit\u00e9, mais la gestion administrative et sociale peut vite devenir complexe et chronophage. C\u2019est pourquoi notre secr\u00e9tariat social est l\u00e0 pour vous accompagner \u00e0 chaque \u00e9tape, afin de vous permettre de vous concentrer pleinement sur votre m\u00e9tier. Nous offrons un service personnalis\u00e9 et adapt\u00e9 aux besoins [&hellip;]\" \/>\n<meta property=\"og:url\" content=\"https:\/\/www.fidupress.be\/salary-teams\/independants\/\" \/>\n<meta property=\"og:site_name\" content=\"Salary Teams\" \/>\n<meta property=\"article:modified_time\" content=\"2024-10-09T12:25:30+00:00\" \/>\n<meta name=\"twitter:card\" content=\"summary_large_image\" \/>\n<meta name=\"twitter:label1\" content=\"Dur\u00e9e de lecture estim\u00e9e\" \/>\n\t<meta name=\"twitter:data1\" content=\"1 minute\" \/>\n<script type=\"application\/ld+json\" class=\"yoast-schema-graph\">{\"@context\":\"https:\\\/\\\/schema.org\",\"@graph\":[{\"@type\":\"WebPage\",\"@id\":\"https:\\\/\\\/www.fidupress.be\\\/salary-teams\\\/independants\\\/\",\"url\":\"https:\\\/\\\/www.fidupress.be\\\/salary-teams\\\/independants\\\/\",\"name\":\"Ind\u00e9pendants - Salary Teams\",\"isPartOf\":{\"@id\":\"https:\\\/\\\/www.fidupress.be\\\/salary-teams\\\/#website\"},\"datePublished\":\"2024-10-09T12:25:26+00:00\",\"dateModified\":\"2024-10-09T12:25:30+00:00\",\"breadcrumb\":{\"@id\":\"https:\\\/\\\/www.fidupress.be\\\/salary-teams\\\/independants\\\/#breadcrumb\"},\"inLanguage\":\"fr-FR\",\"potentialAction\":[{\"@type\":\"ReadAction\",\"target\":[\"https:\\\/\\\/www.fidupress.be\\\/salary-teams\\\/independants\\\/\"]}]},{\"@type\":\"BreadcrumbList\",\"@id\":\"https:\\\/\\\/www.fidupress.be\\\/salary-teams\\\/independants\\\/#breadcrumb\",\"itemListElement\":[{\"@type\":\"ListItem\",\"position\":1,\"name\":\"Accueil\",\"item\":\"https:\\\/\\\/www.fidupress.be\\\/salary-teams\\\/\"},{\"@type\":\"ListItem\",\"position\":2,\"name\":\"Ind\u00e9pendants\"}]},{\"@type\":\"WebSite\",\"@id\":\"https:\\\/\\\/www.fidupress.be\\\/salary-teams\\\/#website\",\"url\":\"https:\\\/\\\/www.fidupress.be\\\/salary-teams\\\/\",\"name\":\"Salary Teams\",\"description\":\"\",\"potentialAction\":[{\"@type\":\"SearchAction\",\"target\":{\"@type\":\"EntryPoint\",\"urlTemplate\":\"https:\\\/\\\/www.fidupress.be\\\/salary-teams\\\/?s={search_term_string}\"},\"query-input\":{\"@type\":\"PropertyValueSpecification\",\"valueRequired\":true,\"valueName\":\"search_term_string\"}}],\"inLanguage\":\"fr-FR\"}]}<\/script>\n<!-- \/ Yoast SEO plugin. -->","yoast_head_json":{"title":"Ind\u00e9pendants - Salary Teams","robots":{"index":"index","follow":"follow","max-snippet":"max-snippet:-1","max-image-preview":"max-image-preview:large","max-video-preview":"max-video-preview:-1"},"canonical":"https:\/\/www.fidupress.be\/salary-teams\/independants\/","og_locale":"fr_FR","og_type":"article","og_title":"Ind\u00e9pendants - Salary Teams","og_description":"En tant qu\u2019ind\u00e9pendant, vous \u00eates au c\u0153ur de votre activit\u00e9, mais la gestion administrative et sociale peut vite devenir complexe et chronophage. C\u2019est pourquoi notre secr\u00e9tariat social est l\u00e0 pour vous accompagner \u00e0 chaque \u00e9tape, afin de vous permettre de vous concentrer pleinement sur votre m\u00e9tier. Nous offrons un service personnalis\u00e9 et adapt\u00e9 aux besoins [&hellip;]","og_url":"https:\/\/www.fidupress.be\/salary-teams\/independants\/","og_site_name":"Salary Teams","article_modified_time":"2024-10-09T12:25:30+00:00","twitter_card":"summary_large_image","twitter_misc":{"Dur\u00e9e de lecture estim\u00e9e":"1 minute"},"schema":{"@context":"https:\/\/schema.org","@graph":[{"@type":"WebPage","@id":"https:\/\/www.fidupress.be\/salary-teams\/independants\/","url":"https:\/\/www.fidupress.be\/salary-teams\/independants\/","name":"Ind\u00e9pendants - Salary Teams","isPartOf":{"@id":"https:\/\/www.fidupress.be\/salary-teams\/#website"},"datePublished":"2024-10-09T12:25:26+00:00","dateModified":"2024-10-09T12:25:30+00:00","breadcrumb":{"@id":"https:\/\/www.fidupress.be\/salary-teams\/independants\/#breadcrumb"},"inLanguage":"fr-FR","potentialAction":[{"@type":"ReadAction","target":["https:\/\/www.fidupress.be\/salary-teams\/independants\/"]}]},{"@type":"BreadcrumbList","@id":"https:\/\/www.fidupress.be\/salary-teams\/independants\/#breadcrumb","itemListElement":[{"@type":"ListItem","position":1,"name":"Accueil","item":"https:\/\/www.fidupress.be\/salary-teams\/"},{"@type":"ListItem","position":2,"name":"Ind\u00e9pendants"}]},{"@type":"WebSite","@id":"https:\/\/www.fidupress.be\/salary-teams\/#website","url":"https:\/\/www.fidupress.be\/salary-teams\/","name":"Salary Teams","description":"","potentialAction":[{"@type":"SearchAction","target":{"@type":"EntryPoint","urlTemplate":"https:\/\/www.fidupress.be\/salary-teams\/?s={search_term_string}"},"query-input":{"@type":"PropertyValueSpecification","valueRequired":true,"valueName":"search_term_string"}}],"inLanguage":"fr-FR"}]}},"_links":{"self":[{"href":"https:\/\/www.fidupress.be\/salary-teams\/wp-json\/wp\/v2\/pages\/31","targetHints":{"allow":["GET"]}}],"collection":[{"href":"https:\/\/www.fidupress.be\/salary-teams\/wp-json\/wp\/v2\/pages"}],"about":[{"href":"https:\/\/www.fidupress.be\/salary-teams\/wp-json\/wp\/v2\/types\/page"}],"author":[{"embeddable":true,"href":"https:\/\/www.fidupress.be\/salary-teams\/wp-json\/wp\/v2\/users\/10"}],"replies":[{"embeddable":true,"href":"https:\/\/www.fidupress.be\/salary-teams\/wp-json\/wp\/v2\/comments?post=31"}],"version-history":[{"count":1,"href":"https:\/\/www.fidupress.be\/salary-teams\/wp-json\/wp\/v2\/pages\/31\/revisions"}],"predecessor-version":[{"id":32,"href":"https:\/\/www.fidupress.be\/salary-teams\/wp-json\/wp\/v2\/pages\/31\/revisions\/32"}],"wp:attachment":[{"href":"https:\/\/www.fidupress.be\/salary-teams\/wp-json\/wp\/v2\/media?parent=31"}],"curies":[{"name":"wp","href":"https:\/\/api.w.org\/{rel}","templated":true}]}}